{"id":15459,"date":"2021-09-02T18:22:13","date_gmt":"2021-09-02T18:22:13","guid":{"rendered":"https:\/\/drymarinabiograd.com\/shrink-wrap-folie\/"},"modified":"2021-09-21T19:52:02","modified_gmt":"2021-09-21T19:52:02","slug":"shrink-wrap-folie","status":"publish","type":"page","link":"https:\/\/trim-nauticadrydock.com\/de\/shrink-wrap-folie\/","title":{"rendered":"Shrink wrap Folie"},"content":{"rendered":"\t\t<div data-elementor-type=\"wp-page\" data-elementor-id=\"15459\" class=\"elementor elementor-15459 elementor-15449\" data-elementor-post-type=\"page\">\n\t\t\t\t\t\t<section class=\"elementor-section elementor-top-section elementor-element elementor-element-205c285 elementor-section-stretched elementor-section-boxed elementor-section-height-default elementor-section-height-default\" data-id=\"205c285\" data-element_type=\"section\" data-e-type=\"section\" data-settings=\"{&quot;stretch_section&quot;:&quot;section-stretched&quot;}\">\n\t\t\t\t\t\t<div class=\"elementor-container elementor-column-gap-no\">\n\t\t\t\t\t<div class=\"elementor-column elementor-col-100 elementor-top-column elementor-element elementor-element-f2a404e\" data-id=\"f2a404e\" data-element_type=\"column\" data-e-type=\"column\">\n\t\t\t<div class=\"elementor-widget-wrap elementor-element-populated\">\n\t\t\t\t\t\t<section class=\"elementor-section elementor-inner-section elementor-element elementor-element-a46fd4e elementor-section-boxed elementor-section-height-default elementor-section-height-default\" data-id=\"a46fd4e\" data-element_type=\"section\" data-e-type=\"section\">\n\t\t\t\t\t\t<div class=\"elementor-container elementor-column-gap-default\">\n\t\t\t\t\t<div class=\"elementor-column elementor-col-50 elementor-inner-column elementor-element elementor-element-9bfaa19\" data-id=\"9bfaa19\" data-element_type=\"column\" data-e-type=\"column\">\n\t\t\t<div class=\"elementor-widget-wrap elementor-element-populated\">\n\t\t\t\t\t\t<div class=\"elementor-element elementor-element-bfbb199 elementor-widget elementor-widget-text-editor\" data-id=\"bfbb199\" data-element_type=\"widget\" data-e-type=\"widget\" data-widget_type=\"text-editor.default\">\n\t\t\t\t\t\t\t\t\t<p>Trim Nautica bietet ab sofort Schrumpffolie (shrink wrap) f\u00fcr den Schutz Ihres Bootes. Die Folie sch\u00fctzt Ihr Boot vor Regen, Wind, Schnee und anderen Wetterbedingungen, indem die Folie \u00fcber das gesamte Boot gelegt wird und sich durch W\u00e4rmeeinwirkung eng um das Boot zusammenzieht. Die Materialeigenschaften sind Z\u00e4higkeit, Rei\u00dffestigkeit und Best\u00e4ndigkeit auf verschiedene S\u00e4uren. Diese Eigenschaften verleihen dem Material Festigkeit und Spannung.<\/p>\n<p>Indem das Boot in Schrumpffolie eingekleidet wird, ist es auch au\u00dfer der Saison dauerhaft und sicher gesch\u00fctzt, d.h. w\u00e4hrend es im Bootswinterlager, bzw. in der Trockenmarina liegt.<\/p>\n<h4>Warum Schrumpffolie und was sind die Vorteile:<\/h4>\n<p>\u2022 Schutz vor UV-Strahlung (verl\u00e4ngert die Lebensdauer<br \/>\n  des\u00a0 \u00a0 \u00a0Gelcoats)<br \/>\n\u2022 Schutz vor schlechtem Wetter (Regen, Schnee,<br \/>\n  Vogelkot)<br \/>\n\u2022 100% wasserdicht<br \/>\n\u2022 Schutz vor starkem Wind \u00fcber 150km\/h<br \/>\n\u2022 m\u00f6gliches Hinzuf\u00fcgen von Fenstern, T\u00fcren,\u00a0 \u00a0 \u00a0 \u00a0 \u00a0 \u00a0<br \/>\n  Rei\u00dfverschl\u00fcssen &#8211; f\u00fcr leichteren Zugang zur Ladung<br \/>\n\u2022 Bel\u00fcftungs\u00f6ffnungen an der Folie erm\u00f6glichen eine\u00a0 \u00a0 \u00a0 st\u00e4ndige Bel\u00fcftung, um Feuchtigkeit und Schimmel zu<br \/>\n  verhindern<br \/>\n\u2022 Haltbarkeit \u00fcber 3 Jahre<\/p>\n\t\t\t\t\t\t\t\t<\/div>\n\t\t\t\t\t<\/div>\n\t\t<\/div>\n\t\t\t\t<div class=\"elementor-column elementor-col-50 elementor-inner-column elementor-element elementor-element-ad5efff\" data-id=\"ad5efff\" data-element_type=\"column\" data-e-type=\"column\">\n\t\t\t<div class=\"elementor-widget-wrap elementor-element-populated\">\n\t\t\t\t\t\t<div class=\"elementor-element elementor-element-c2aab1a elementor-widget elementor-widget-image\" data-id=\"c2aab1a\" data-element_type=\"widget\" data-e-type=\"widget\" data-widget_type=\"image.default\">\n\t\t\t\t\t\t\t\t\t\t\t\t\t\t\t<img fetchpriority=\"high\" decoding=\"async\" width=\"800\" height=\"450\" src=\"https:\/\/trim-nauticadrydock.com\/wp-content\/uploads\/2021\/09\/IMG_0360-scaled-e1586784561408-1024x576.jpg\" class=\"attachment-large size-large wp-image-15421\" alt=\"\" srcset=\"https:\/\/trim-nauticadrydock.com\/wp-content\/uploads\/2021\/09\/IMG_0360-scaled-e1586784561408-1024x576.jpg 1024w, https:\/\/trim-nauticadrydock.com\/wp-content\/uploads\/2021\/09\/IMG_0360-scaled-e1586784561408-300x169.jpg 300w, https:\/\/trim-nauticadrydock.com\/wp-content\/uploads\/2021\/09\/IMG_0360-scaled-e1586784561408-768x432.jpg 768w, https:\/\/trim-nauticadrydock.com\/wp-content\/uploads\/2021\/09\/IMG_0360-scaled-e1586784561408-1536x864.jpg 1536w, https:\/\/trim-nauticadrydock.com\/wp-content\/uploads\/2021\/09\/IMG_0360-scaled-e1586784561408.jpg 2048w\" sizes=\"(max-width: 800px) 100vw, 800px\" \/>\t\t\t\t\t\t\t\t\t\t\t\t\t\t\t<\/div>\n\t\t\t\t\t<\/div>\n\t\t<\/div>\n\t\t\t\t\t<\/div>\n\t\t<\/section>\n\t\t\t\t<section class=\"elementor-section elementor-inner-section elementor-element elementor-element-1045c8f elementor-section-boxed elementor-section-height-default elementor-section-height-default\" data-id=\"1045c8f\" data-element_type=\"section\" data-e-type=\"section\">\n\t\t\t\t\t\t<div class=\"elementor-container elementor-column-gap-default\">\n\t\t\t\t\t<div class=\"elementor-column elementor-col-100 elementor-inner-column elementor-element elementor-element-38ee4dd\" data-id=\"38ee4dd\" data-element_type=\"column\" data-e-type=\"column\">\n\t\t\t<div class=\"elementor-widget-wrap elementor-element-populated\">\n\t\t\t\t\t\t<div class=\"elementor-element elementor-element-16a6e87 gallery-spacing-custom elementor-widget elementor-widget-image-gallery\" data-id=\"16a6e87\" data-element_type=\"widget\" data-e-type=\"widget\" data-widget_type=\"image-gallery.default\">\n\t\t\t\t\t\t\t<div class=\"elementor-image-gallery\">\n\t\t\t<div id='gallery-1' class='gallery galleryid-15459 gallery-columns-10 gallery-size-thumbnail'><figure class='gallery-item'>\n\t\t\t<div class='gallery-icon landscape'>\n\t\t\t\t<a data-elementor-open-lightbox=\"yes\" data-elementor-lightbox-slideshow=\"16a6e87\" data-e-action-hash=\"#elementor-action%3Aaction%3Dlightbox%26settings%3DeyJpZCI6MTU0MjEsInVybCI6Imh0dHBzOlwvXC90cmltLW5hdXRpY2Fkcnlkb2NrLmNvbVwvd3AtY29udGVudFwvdXBsb2Fkc1wvMjAyMVwvMDlcL0lNR18wMzYwLXNjYWxlZC1lMTU4Njc4NDU2MTQwOC5qcGciLCJzbGlkZXNob3ciOiIxNmE2ZTg3In0%3D\" href='https:\/\/trim-nauticadrydock.com\/wp-content\/uploads\/2021\/09\/IMG_0360-scaled-e1586784561408.jpg'><img width=\"150\" height=\"150\" src=\"https:\/\/trim-nauticadrydock.com\/wp-content\/uploads\/2021\/09\/IMG_0360-scaled-e1586784561408-150x150.jpg\" class=\"attachment-thumbnail size-thumbnail\" alt=\"\" decoding=\"async\" srcset=\"https:\/\/trim-nauticadrydock.com\/wp-content\/uploads\/2021\/09\/IMG_0360-scaled-e1586784561408-150x150.jpg 150w, https:\/\/trim-nauticadrydock.com\/wp-content\/uploads\/2021\/09\/IMG_0360-scaled-e1586784561408-60x60.jpg 60w\" sizes=\"(max-width: 150px) 100vw, 150px\" \/><\/a>\n\t\t\t<\/div><\/figure><figure class='gallery-item'>\n\t\t\t<div class='gallery-icon landscape'>\n\t\t\t\t<a data-elementor-open-lightbox=\"yes\" data-elementor-lightbox-slideshow=\"16a6e87\" data-e-action-hash=\"#elementor-action%3Aaction%3Dlightbox%26settings%3DeyJpZCI6MTU0MTgsInVybCI6Imh0dHBzOlwvXC90cmltLW5hdXRpY2Fkcnlkb2NrLmNvbVwvd3AtY29udGVudFwvdXBsb2Fkc1wvMjAyMVwvMDlcLzU1MjI5ODlfb3JpZy5qcGciLCJzbGlkZXNob3ciOiIxNmE2ZTg3In0%3D\" href='https:\/\/trim-nauticadrydock.com\/wp-content\/uploads\/2021\/09\/5522989_orig.jpg'><img width=\"150\" height=\"150\" src=\"https:\/\/trim-nauticadrydock.com\/wp-content\/uploads\/2021\/09\/5522989_orig-150x150.jpg\" class=\"attachment-thumbnail size-thumbnail\" alt=\"\" decoding=\"async\" srcset=\"https:\/\/trim-nauticadrydock.com\/wp-content\/uploads\/2021\/09\/5522989_orig-150x150.jpg 150w, https:\/\/trim-nauticadrydock.com\/wp-content\/uploads\/2021\/09\/5522989_orig-60x60.jpg 60w\" sizes=\"(max-width: 150px) 100vw, 150px\" \/><\/a>\n\t\t\t<\/div><\/figure><figure class='gallery-item'>\n\t\t\t<div class='gallery-icon landscape'>\n\t\t\t\t<a data-elementor-open-lightbox=\"yes\" data-elementor-lightbox-slideshow=\"16a6e87\" data-e-action-hash=\"#elementor-action%3Aaction%3Dlightbox%26settings%3DeyJpZCI6MTU0MTUsInVybCI6Imh0dHBzOlwvXC90cmltLW5hdXRpY2Fkcnlkb2NrLmNvbVwvd3AtY29udGVudFwvdXBsb2Fkc1wvMjAyMVwvMDlcLzgwMF82MDBfX19fcDEwMzAxMzYtNjQweDQ4MC1fMTczLmpwZyIsInNsaWRlc2hvdyI6IjE2YTZlODcifQ%3D%3D\" href='https:\/\/trim-nauticadrydock.com\/wp-content\/uploads\/2021\/09\/800_600____p1030136-640x480-_173.jpg'><img loading=\"lazy\" width=\"150\" height=\"150\" src=\"https:\/\/trim-nauticadrydock.com\/wp-content\/uploads\/2021\/09\/800_600____p1030136-640x480-_173-150x150.jpg\" class=\"attachment-thumbnail size-thumbnail\" alt=\"Shrink Wrap Bootsschutz in Kroatien \u2013 professionelles Abdecken von Yachten in Biograd na Moru\" decoding=\"async\" srcset=\"https:\/\/trim-nauticadrydock.com\/wp-content\/uploads\/2021\/09\/800_600____p1030136-640x480-_173-150x150.jpg 150w, https:\/\/trim-nauticadrydock.com\/wp-content\/uploads\/2021\/09\/800_600____p1030136-640x480-_173-60x60.jpg 60w\" sizes=\"(max-width: 150px) 100vw, 150px\" \/><\/a>\n\t\t\t<\/div><\/figure><figure class='gallery-item'>\n\t\t\t<div class='gallery-icon landscape'>\n\t\t\t\t<a data-elementor-open-lightbox=\"yes\" data-elementor-lightbox-slideshow=\"16a6e87\" data-e-action-hash=\"#elementor-action%3Aaction%3Dlightbox%26settings%3DeyJpZCI6MTU0MTIsInVybCI6Imh0dHBzOlwvXC90cmltLW5hdXRpY2Fkcnlkb2NrLmNvbVwvd3AtY29udGVudFwvdXBsb2Fkc1wvMjAyMVwvMDlcLzEwLXN0b3JhZ2UtcHJvdGVjdGlvbi1zY2FsZWQuanBnIiwic2xpZGVzaG93IjoiMTZhNmU4NyJ9\" href='https:\/\/trim-nauticadrydock.com\/wp-content\/uploads\/2021\/09\/10-storage-protection-scaled.jpg'><img loading=\"lazy\" width=\"150\" height=\"150\" src=\"https:\/\/trim-nauticadrydock.com\/wp-content\/uploads\/2021\/09\/10-storage-protection-150x150.jpg\" class=\"attachment-thumbnail size-thumbnail\" alt=\"\" decoding=\"async\" srcset=\"https:\/\/trim-nauticadrydock.com\/wp-content\/uploads\/2021\/09\/10-storage-protection-150x150.jpg 150w, https:\/\/trim-nauticadrydock.com\/wp-content\/uploads\/2021\/09\/10-storage-protection-60x60.jpg 60w\" sizes=\"(max-width: 150px) 100vw, 150px\" \/><\/a>\n\t\t\t<\/div><\/figure><figure class='gallery-item'>\n\t\t\t<div class='gallery-icon landscape'>\n\t\t\t\t<a data-elementor-open-lightbox=\"yes\" data-elementor-lightbox-slideshow=\"16a6e87\" data-e-action-hash=\"#elementor-action%3Aaction%3Dlightbox%26settings%3DeyJpZCI6MTU0MDksInVybCI6Imh0dHBzOlwvXC90cmltLW5hdXRpY2Fkcnlkb2NrLmNvbVwvd3AtY29udGVudFwvdXBsb2Fkc1wvMjAyMVwvMDlcLzktc3Ryb3JhZ2UtcHJvdGVjdGlvbi1zY2FsZWQuanBnIiwic2xpZGVzaG93IjoiMTZhNmU4NyJ9\" href='https:\/\/trim-nauticadrydock.com\/wp-content\/uploads\/2021\/09\/9-strorage-protection-scaled.jpg'><img loading=\"lazy\" width=\"150\" height=\"150\" src=\"https:\/\/trim-nauticadrydock.com\/wp-content\/uploads\/2021\/09\/9-strorage-protection-150x150.jpg\" class=\"attachment-thumbnail size-thumbnail\" alt=\"\" decoding=\"async\" srcset=\"https:\/\/trim-nauticadrydock.com\/wp-content\/uploads\/2021\/09\/9-strorage-protection-150x150.jpg 150w, https:\/\/trim-nauticadrydock.com\/wp-content\/uploads\/2021\/09\/9-strorage-protection-60x60.jpg 60w\" sizes=\"(max-width: 150px) 100vw, 150px\" \/><\/a>\n\t\t\t<\/div><\/figure><figure class='gallery-item'>\n\t\t\t<div class='gallery-icon landscape'>\n\t\t\t\t<a data-elementor-open-lightbox=\"yes\" data-elementor-lightbox-slideshow=\"16a6e87\" data-e-action-hash=\"#elementor-action%3Aaction%3Dlightbox%26settings%3DeyJpZCI6MTU0MDYsInVybCI6Imh0dHBzOlwvXC90cmltLW5hdXRpY2Fkcnlkb2NrLmNvbVwvd3AtY29udGVudFwvdXBsb2Fkc1wvMjAyMVwvMDlcLzhIdW12ZWUtQnVybmluZy1NYW4tV3JhcHBlZC1TaHJpbmstV3JhcC1Qcm9zLXNjYWxlZC5qcGciLCJzbGlkZXNob3ciOiIxNmE2ZTg3In0%3D\" href='https:\/\/trim-nauticadrydock.com\/wp-content\/uploads\/2021\/09\/8Humvee-Burning-Man-Wrapped-Shrink-Wrap-Pros-scaled.jpg'><img loading=\"lazy\" width=\"150\" height=\"150\" src=\"https:\/\/trim-nauticadrydock.com\/wp-content\/uploads\/2021\/09\/8Humvee-Burning-Man-Wrapped-Shrink-Wrap-Pros-150x150.jpg\" class=\"attachment-thumbnail size-thumbnail\" alt=\"Shrink Wrap Bootsschutz in Kroatien \u2013 professionelles Abdecken von Yachten in Biograd na Moru\" decoding=\"async\" srcset=\"https:\/\/trim-nauticadrydock.com\/wp-content\/uploads\/2021\/09\/8Humvee-Burning-Man-Wrapped-Shrink-Wrap-Pros-150x150.jpg 150w, https:\/\/trim-nauticadrydock.com\/wp-content\/uploads\/2021\/09\/8Humvee-Burning-Man-Wrapped-Shrink-Wrap-Pros-60x60.jpg 60w\" sizes=\"(max-width: 150px) 100vw, 150px\" \/><\/a>\n\t\t\t<\/div><\/figure><figure class='gallery-item'>\n\t\t\t<div class='gallery-icon landscape'>\n\t\t\t\t<a data-elementor-open-lightbox=\"yes\" data-elementor-lightbox-slideshow=\"16a6e87\" data-e-action-hash=\"#elementor-action%3Aaction%3Dlightbox%26settings%3DeyJpZCI6MTU0MDMsInVybCI6Imh0dHBzOlwvXC90cmltLW5hdXRpY2Fkcnlkb2NrLmNvbVwvd3AtY29udGVudFwvdXBsb2Fkc1wvMjAyMVwvMDlcLzdDYXItQ292ZXItVHJhbnNwb3J0YXRpb24tU2hyaW5rLVdyYXAtUHJvcy1MLkEuLXNjYWxlZC5qcGciLCJzbGlkZXNob3ciOiIxNmE2ZTg3In0%3D\" href='https:\/\/trim-nauticadrydock.com\/wp-content\/uploads\/2021\/09\/7Car-Cover-Transportation-Shrink-Wrap-Pros-L.A.-scaled.jpg'><img loading=\"lazy\" width=\"150\" height=\"150\" src=\"https:\/\/trim-nauticadrydock.com\/wp-content\/uploads\/2021\/09\/7Car-Cover-Transportation-Shrink-Wrap-Pros-L.A.-150x150.jpg\" class=\"attachment-thumbnail size-thumbnail\" alt=\"\" decoding=\"async\" srcset=\"https:\/\/trim-nauticadrydock.com\/wp-content\/uploads\/2021\/09\/7Car-Cover-Transportation-Shrink-Wrap-Pros-L.A.-150x150.jpg 150w, https:\/\/trim-nauticadrydock.com\/wp-content\/uploads\/2021\/09\/7Car-Cover-Transportation-Shrink-Wrap-Pros-L.A.-60x60.jpg 60w\" sizes=\"(max-width: 150px) 100vw, 150px\" \/><\/a>\n\t\t\t<\/div><\/figure><figure class='gallery-item'>\n\t\t\t<div class='gallery-icon landscape'>\n\t\t\t\t<a data-elementor-open-lightbox=\"yes\" data-elementor-lightbox-slideshow=\"16a6e87\" data-e-action-hash=\"#elementor-action%3Aaction%3Dlightbox%26settings%3DeyJpZCI6MTU0MDAsInVybCI6Imh0dHBzOlwvXC90cmltLW5hdXRpY2Fkcnlkb2NrLmNvbVwvd3AtY29udGVudFwvdXBsb2Fkc1wvMjAyMVwvMDlcLzR3ZWJzaXRlLWJvYXQtc3RvcmFnZS1iZWZvcmUtYW5kLWFmdGVyLnBuZyIsInNsaWRlc2hvdyI6IjE2YTZlODcifQ%3D%3D\" href='https:\/\/trim-nauticadrydock.com\/wp-content\/uploads\/2021\/09\/4website-boat-storage-before-and-after.png'><img loading=\"lazy\" width=\"150\" height=\"150\" src=\"https:\/\/trim-nauticadrydock.com\/wp-content\/uploads\/2021\/09\/4website-boat-storage-before-and-after-150x150.png\" class=\"attachment-thumbnail size-thumbnail\" alt=\"\" decoding=\"async\" srcset=\"https:\/\/trim-nauticadrydock.com\/wp-content\/uploads\/2021\/09\/4website-boat-storage-before-and-after-150x150.png 150w, https:\/\/trim-nauticadrydock.com\/wp-content\/uploads\/2021\/09\/4website-boat-storage-before-and-after-60x60.png 60w\" sizes=\"(max-width: 150px) 100vw, 150px\" \/><\/a>\n\t\t\t<\/div><\/figure><figure class='gallery-item'>\n\t\t\t<div class='gallery-icon landscape'>\n\t\t\t\t<a data-elementor-open-lightbox=\"yes\" data-elementor-lightbox-slideshow=\"16a6e87\" data-e-action-hash=\"#elementor-action%3Aaction%3Dlightbox%26settings%3DeyJpZCI6MTUzOTcsInVybCI6Imh0dHBzOlwvXC90cmltLW5hdXRpY2Fkcnlkb2NrLmNvbVwvd3AtY29udGVudFwvdXBsb2Fkc1wvMjAyMVwvMDlcLzNTYWlsLUJvYXQtQ292ZXJlZC1TaHJpbmstV3JhcC1Qcm9zLUxBLXNjYWxlZC5qcGciLCJzbGlkZXNob3ciOiIxNmE2ZTg3In0%3D\" href='https:\/\/trim-nauticadrydock.com\/wp-content\/uploads\/2021\/09\/3Sail-Boat-Covered-Shrink-Wrap-Pros-LA-scaled.jpg'><img loading=\"lazy\" width=\"150\" height=\"150\" src=\"https:\/\/trim-nauticadrydock.com\/wp-content\/uploads\/2021\/09\/3Sail-Boat-Covered-Shrink-Wrap-Pros-LA-150x150.jpg\" class=\"attachment-thumbnail size-thumbnail\" alt=\"\" decoding=\"async\" srcset=\"https:\/\/trim-nauticadrydock.com\/wp-content\/uploads\/2021\/09\/3Sail-Boat-Covered-Shrink-Wrap-Pros-LA-150x150.jpg 150w, https:\/\/trim-nauticadrydock.com\/wp-content\/uploads\/2021\/09\/3Sail-Boat-Covered-Shrink-Wrap-Pros-LA-60x60.jpg 60w\" sizes=\"(max-width: 150px) 100vw, 150px\" \/><\/a>\n\t\t\t<\/div><\/figure><figure class='gallery-item'>\n\t\t\t<div class='gallery-icon landscape'>\n\t\t\t\t<a data-elementor-open-lightbox=\"yes\" data-elementor-lightbox-slideshow=\"16a6e87\" data-e-action-hash=\"#elementor-action%3Aaction%3Dlightbox%26settings%3DeyJpZCI6MTUzOTQsInVybCI6Imh0dHBzOlwvXC90cmltLW5hdXRpY2Fkcnlkb2NrLmNvbVwvd3AtY29udGVudFwvdXBsb2Fkc1wvMjAyMVwvMDlcLzItY2hyaXMtYm9hdC1zdG9yYWdlLXdpdGgtbG9nby1hbmQtemlwcGVyLWRvb3IuanBnIiwic2xpZGVzaG93IjoiMTZhNmU4NyJ9\" href='https:\/\/trim-nauticadrydock.com\/wp-content\/uploads\/2021\/09\/2-chris-boat-storage-with-logo-and-zipper-door.jpg'><img loading=\"lazy\" width=\"150\" height=\"150\" src=\"https:\/\/trim-nauticadrydock.com\/wp-content\/uploads\/2021\/09\/2-chris-boat-storage-with-logo-and-zipper-door-150x150.jpg\" class=\"attachment-thumbnail size-thumbnail\" alt=\"\" decoding=\"async\" srcset=\"https:\/\/trim-nauticadrydock.com\/wp-content\/uploads\/2021\/09\/2-chris-boat-storage-with-logo-and-zipper-door-150x150.jpg 150w, https:\/\/trim-nauticadrydock.com\/wp-content\/uploads\/2021\/09\/2-chris-boat-storage-with-logo-and-zipper-door-60x60.jpg 60w\" sizes=\"(max-width: 150px) 100vw, 150px\" \/><\/a>\n\t\t\t<\/div><\/figure>\n\t\t<\/div>\n\t\t<\/div>\n\t\t\t\t\t\t<\/div>\n\t\t\t\t\t<\/div>\n\t\t<\/div>\n\t\t\t\t\t<\/div>\n\t\t<\/section>\n\t\t\t\t\t<\/div>\n\t\t<\/div>\n\t\t\t\t\t<\/div>\n\t\t<\/section>\n\t\t\t\t<\/div>\n\t\t","protected":false},"excerpt":{"rendered":"<p>Trim Nautica bietet ab sofort Schrumpffolie (shrink wrap) f\u00fcr den Schutz Ihres Bootes. Die Folie sch\u00fctzt Ihr Boot vor Regen, Wind, Schnee und anderen Wetterbedingungen, indem die Folie \u00fcber das gesamte Boot gelegt wird und sich durch W\u00e4rmeeinwirkung eng um das Boot zusammenzieht. Die Materialeigenschaften sind Z\u00e4higkeit, Rei\u00dffestigkeit und Best\u00e4ndigkeit auf verschiedene S\u00e4uren. Diese Eigenschaften [&hellip;]<\/p>\n","protected":false},"author":1,"featured_media":15421,"parent":0,"menu_order":0,"comment_status":"closed","ping_status":"closed","template":"elementor_theme","meta":{"footnotes":""},"class_list":["post-15459","page","type-page","status-publish","has-post-thumbnail","hentry"],"_links":{"self":[{"href":"https:\/\/trim-nauticadrydock.com\/de\/wp-json\/wp\/v2\/pages\/15459","targetHints":{"allow":["GET"]}}],"collection":[{"href":"https:\/\/trim-nauticadrydock.com\/de\/wp-json\/wp\/v2\/pages"}],"about":[{"href":"https:\/\/trim-nauticadrydock.com\/de\/wp-json\/wp\/v2\/types\/page"}],"author":[{"embeddable":true,"href":"https:\/\/trim-nauticadrydock.com\/de\/wp-json\/wp\/v2\/users\/1"}],"replies":[{"embeddable":true,"href":"https:\/\/trim-nauticadrydock.com\/de\/wp-json\/wp\/v2\/comments?post=15459"}],"version-history":[{"count":0,"href":"https:\/\/trim-nauticadrydock.com\/de\/wp-json\/wp\/v2\/pages\/15459\/revisions"}],"wp:featuredmedia":[{"embeddable":true,"href":"https:\/\/trim-nauticadrydock.com\/de\/wp-json\/wp\/v2\/media\/15421"}],"wp:attachment":[{"href":"https:\/\/trim-nauticadrydock.com\/de\/wp-json\/wp\/v2\/media?parent=15459"}],"curies":[{"name":"wp","href":"https:\/\/api.w.org\/{rel}","templated":true}]}}